{"id":5346,"date":"2023-05-13T06:57:46","date_gmt":"2023-05-13T06:57:46","guid":{"rendered":"https:\/\/green-roofs.eu\/?page_id=5346"},"modified":"2023-05-13T06:57:46","modified_gmt":"2023-05-13T06:57:46","slug":"objectives","status":"publish","type":"page","link":"https:\/\/green-roofs.eu\/pt\/objectives\/","title":{"rendered":"OBJECTIVES"},"content":{"rendered":"<p><div class=\"fusion-fullwidth fullwidth-box fusion-builder-row-1 fusion-flex-container has-pattern-background has-mask-background nonhundred-percent-fullwidth non-hundred-percent-height-scrolling fusion-no-small-visibility\" style=\"--awb-border-radius-top-left:0px;--awb-border-radius-top-right:0px;--awb-border-radius-bottom-right:0px;--awb-border-radius-bottom-left:0px;--awb-margin-top:-60px;--awb-background-color:rgba(101,188,123,0.34);--awb-flex-wrap:wrap;\" ><div class=\"fusion-builder-row fusion-row fusion-flex-align-items-flex-start fusion-flex-content-wrap\" style=\"max-width:1216.8px;margin-left: calc(-4% \/ 2 );margin-right: calc(-4% \/ 2 );\"><div class=\"fusion-layout-column fusion_builder_column fusion-builder-column-0 fusion_builder_column_1_1 1_1 fusion-flex-column\" style=\"--awb-bg-size:cover;--awb-width-large:100%;--awb-margin-top-large:0px;--awb-spacing-right-large:1.92%;--awb-margin-bottom-large:20px;--awb-spacing-left-large:1.92%;--awb-width-medium:100%;--awb-order-medium:0;--awb-spacing-right-medium:1.92%;--awb-spacing-left-medium:1.92%;--awb-width-small:100%;--awb-order-small:0;--awb-spacing-right-small:1.92%;--awb-spacing-left-small:1.92%;\" data-scroll-devices=\"small-visibility,medium-visibility,large-visibility\"><div class=\"fusion-column-wrapper fusion-column-has-shadow fusion-flex-justify-content-flex-start fusion-content-layout-column\"><div class=\"fusion-title title fusion-title-1 fusion-title-center fusion-title-text fusion-title-size-one\" style=\"--awb-text-color:var(--awb-color4);--awb-margin-top:20px;--awb-margin-bottom:10px;--awb-sep-color:rgba(101,188,123,0.24);\"><div class=\"title-sep-container title-sep-container-left\"><div class=\"title-sep sep- sep-solid\" style=\"border-color:rgba(101,188,123,0.24);\"><\/div><\/div><span class=\"awb-title-spacer\"><\/span><h1 class=\"fusion-title-heading title-heading-center fusion-responsive-typography-calculated\" style=\"margin:0;text-transform:capitalize;--fontSize:50;line-height:1.16;\">Objetivos<\/h1><span class=\"awb-title-spacer\"><\/span><div class=\"title-sep-container title-sep-container-right\"><div class=\"title-sep sep- sep-solid\" style=\"border-color:rgba(101,188,123,0.24);\"><\/div><\/div><\/div><\/div><\/div><\/div><\/div><div class=\"fusion-fullwidth fullwidth-box fusion-builder-row-2 fusion-flex-container has-pattern-background has-mask-background nonhundred-percent-fullwidth non-hundred-percent-height-scrolling\" style=\"--awb-border-radius-top-left:0px;--awb-border-radius-top-right:0px;--awb-border-radius-bottom-right:0px;--awb-border-radius-bottom-left:0px;--awb-margin-top:40px;--awb-flex-wrap:wrap;\" ><div class=\"fusion-builder-row fusion-row fusion-flex-align-items-flex-start fusion-flex-content-wrap\" style=\"max-width:1216.8px;margin-left: calc(-4% \/ 2 );margin-right: calc(-4% \/ 2 );\"><div class=\"fusion-layout-column fusion_builder_column fusion-builder-column-1 fusion_builder_column_1_1 1_1 fusion-flex-column\" style=\"--awb-bg-size:cover;--awb-width-large:100%;--awb-margin-top-large:0px;--awb-spacing-right-large:1.92%;--awb-margin-bottom-large:20px;--awb-spacing-left-large:1.92%;--awb-width-medium:100%;--awb-order-medium:0;--awb-spacing-right-medium:1.92%;--awb-spacing-left-medium:1.92%;--awb-width-small:100%;--awb-order-small:0;--awb-spacing-right-small:1.92%;--awb-spacing-left-small:1.92%;\"><div class=\"fusion-column-wrapper fusion-column-has-shadow fusion-flex-justify-content-flex-start fusion-content-layout-column\"><div class=\"fusion-text fusion-text-1\"><p><strong><u>objetivos do projeto<\/u><\/strong><\/p>\n<ul>\n<li>Trocar conhecimentos e melhores pr\u00e1ticas sobre regenera\u00e7\u00e3o urbana atrav\u00e9s de coberturas verdes;<\/li>\n<li>Desenvolver um curso de forma\u00e7\u00e3o inovador sobre coberturas verdes, reunindo compet\u00eancias orientadas para um campo estrat\u00e9gico de desenvolvimento econ\u00f3mico e social inteligente;<\/li>\n<li>Proporcionar oportunidades de aprendizagem em contexto de trabalho a jovens licenciados em engenharia da constru\u00e7\u00e3o e \u00e1reas similares;<\/li>\n<li>\"Promover a empregabilidade, o desenvolvimento socioeducativo e pessoal dos jovens licenciados em engenharia de constru\u00e7\u00e3o (e outros perfis profissionais similares) atrav\u00e9s da aquisi\u00e7\u00e3o de novas compet\u00eancias espec\u00edficas, a fim de encontrar alternativas num mercado saturado;\n\"<\/li>\n<\/ul>\n<\/div><\/div><\/div><\/div><\/div><\/p>","protected":false},"excerpt":{"rendered":"","protected":false},"author":2,"featured_media":0,"parent":0,"menu_order":0,"comment_status":"closed","ping_status":"closed","template":"100-width.php","meta":{"footnotes":""},"class_list":["post-5346","page","type-page","status-publish","hentry"],"jetpack_sharing_enabled":true,"_links":{"self":[{"href":"https:\/\/green-roofs.eu\/pt\/wp-json\/wp\/v2\/pages\/5346"}],"collection":[{"href":"https:\/\/green-roofs.eu\/pt\/wp-json\/wp\/v2\/pages"}],"about":[{"href":"https:\/\/green-roofs.eu\/pt\/wp-json\/wp\/v2\/types\/page"}],"author":[{"embeddable":true,"href":"https:\/\/green-roofs.eu\/pt\/wp-json\/wp\/v2\/users\/2"}],"replies":[{"embeddable":true,"href":"https:\/\/green-roofs.eu\/pt\/wp-json\/wp\/v2\/comments?post=5346"}],"version-history":[{"count":0,"href":"https:\/\/green-roofs.eu\/pt\/wp-json\/wp\/v2\/pages\/5346\/revisions"}],"wp:attachment":[{"href":"https:\/\/green-roofs.eu\/pt\/wp-json\/wp\/v2\/media?parent=5346"}],"curies":[{"name":"wp","href":"https:\/\/api.w.org\/{rel}","templated":true}]}}